{"id":746,"date":"2014-09-07T08:35:33","date_gmt":"2014-09-07T07:35:33","guid":{"rendered":"https:\/\/stjocouffe.fr\/?page_id=746"},"modified":"2025-09-24T17:12:37","modified_gmt":"2025-09-24T15:12:37","slug":"documents-de-rentree","status":"publish","type":"page","link":"https:\/\/stjocouffe.fr\/?page_id=746","title":{"rendered":"Documents de rentr\u00e9e"},"content":{"rendered":"<p><a href=\"https:\/\/stjocouffe.fr\/wp-content\/uploads\/2025\/09\/Carte-mentale-rentree-2025.jpg\"><img loading=\"lazy\" decoding=\"async\" class=\" wp-image-14161 aligncenter\" src=\"https:\/\/stjocouffe.fr\/wp-content\/uploads\/2025\/09\/Carte-mentale-rentree-2025-300x225.jpg\" alt=\"\" width=\"610\" height=\"458\" srcset=\"https:\/\/stjocouffe.fr\/wp-content\/uploads\/2025\/09\/Carte-mentale-rentree-2025-300x225.jpg 300w, https:\/\/stjocouffe.fr\/wp-content\/uploads\/2025\/09\/Carte-mentale-rentree-2025-768x576.jpg 768w, https:\/\/stjocouffe.fr\/wp-content\/uploads\/2025\/09\/Carte-mentale-rentree-2025.jpg 1024w\" sizes=\"auto, (max-width: 610px) 100vw, 610px\" \/><\/a><\/p>\n<ul>\n<li><a href=\"https:\/\/stjocouffe.fr\/wp-content\/uploads\/2025\/09\/Listes-des-classes-25-26-diffusion.pdf\">Listes des classes 2025 2026<\/a><\/li>\n<li><a href=\"https:\/\/stjocouffe.fr\/wp-content\/uploads\/2025\/09\/Listes-des-classes-25-26-diffusion.pdf\">Listes des fournitures 2025 2026<\/a><\/li>\n<li><a href=\"https:\/\/stjocouffe.fr\/wp-content\/uploads\/2024\/07\/Instauration-PAI_documents-2023.pdf\">Instauration PAI 2025 2026<\/a><\/li>\n<li><a href=\"https:\/\/stjocouffe.fr\/wp-content\/uploads\/2024\/07\/Reconduction-PAI.pdf\">Reconduction PAI PMI (0-4ans &#8211; de la PS \u00e0 la MS) 2025 2026<\/a><\/li>\n<li><a href=\"https:\/\/stjocouffe.fr\/wp-content\/uploads\/2025\/09\/Circulaire-de-rentree-famille-2025.pdf\">Les informations de rentr\u00e9e 2025<\/a><\/li>\n<li><a href=\"https:\/\/stjocouffe.fr\/wp-content\/uploads\/2025\/09\/REGLEMENT-INTERIEUR-25-26.pdf\">Le r\u00e8glement int\u00e9rieur de l&rsquo;\u00e9cole<\/a><\/li>\n<li><a href=\"https:\/\/stjocouffe.fr\/wp-content\/uploads\/2025\/09\/REGLEMENT-INTERIEUR-25-26.pdf\">L&rsquo;annexe financi\u00e8re 2025-2026<\/a><\/li>\n<li><a href=\"https:\/\/stjocouffe.fr\/wp-content\/uploads\/2025\/09\/REGLEMENT-INTERIEUR-25-26.pdf\">Assurance des Mutuelles Saint-Christophe<\/a><\/li>\n<\/ul>\n<p>&nbsp;<\/p>\n<ul>\n<li><strong>PAI<\/strong>: La prise de m\u00e9dicaments \u00e0 l\u2019\u00e9cole n\u2019est pas autoris\u00e9e. Il doit y avoir l&rsquo;\u00e9tablissement d&rsquo;un PAI (protocole d\u2019accueil individualis\u00e9) pour chaque enfant avec une pathologie n\u00e9cessitant une adaptation scolaire ou une administration de traitements au sein de l\u2019\u00e9cole. C\u2019est un protocole m\u00e9dical adapt\u00e9 \u00e0 chaque enfant et dont le r\u00f4le est de permettre la meilleure prise en charge m\u00e9dicale pour l\u2019enfant, dans l\u2019\u00e9cole. Ce PAI est le plus souvent \u00e9tabli par le m\u00e9decin traitant ou PMI pour les enfants de Petite-Section et Moyenne-Section, ou un m\u00e9decin sp\u00e9cialis\u00e9 qui suit l\u2019enfant.&nbsp;<\/li>\n<\/ul>\n<p><strong>Pour les \u00e9l\u00e8ves de PS et MS,<\/strong> c&rsquo;est la PMI qui s&rsquo;en charge:<\/p>\n<p><strong>Pour les \u00e9l\u00e8ves de la GS au CM2<\/strong>, c&rsquo;est le m\u00e9decin scolaire qui s&rsquo;en charge:<\/p>\n<p><strong>Pr\u00e9cision importante<\/strong>: pour un \u00e9l\u00e8ve souffrant d&rsquo;asthme, la mise en place d&rsquo;un PAI est n\u00e9cessaire uniquement s&rsquo;il y a une prise de m\u00e9dicaments et vis\u00e9 par le m\u00e9decin traitant.<\/p>\n<p>A remplir par la famille et \u00e0 remettre au Chef d\u2019\u00e9tablissement pour signature. Les documents seront \u00e0 demander \u00e0 l&rsquo;enseignant qui les remettra \u00e0 la famille concern\u00e9e.<\/p>\n<p><strong><span style=\"text-decoration: underline;\">Le PAI est \u00e0 renouveler chaque ann\u00e9e<\/span> <\/strong>ou mettre \u00e0 jour le protocole.&nbsp;<\/p>\n","protected":false},"excerpt":{"rendered":"<p>Listes des classes 2025 2026 Listes des fournitures 2025 2026 Instauration PAI 2025 2026 Reconduction PAI PMI (0-4ans &#8211; de la PS \u00e0 la MS) 2025 2026 Les informations de rentr\u00e9e 2025 Le r\u00e8glement int\u00e9rieur de l&rsquo;\u00e9cole L&rsquo;annexe financi\u00e8re 2025-2026 Assurance des Mutuelles Saint-Christophe &nbsp; PAI: La prise de m\u00e9dicaments \u00e0 l\u2019\u00e9cole n\u2019est pas autoris\u00e9e.&hellip; <br \/> <a class=\"read-more\" href=\"https:\/\/stjocouffe.fr\/?page_id=746\">Lire la suite<\/a><\/p>\n","protected":false},"author":5,"featured_media":0,"parent":7,"menu_order":0,"comment_status":"closed","ping_status":"open","template":"","meta":{"ngg_post_thumbnail":0,"footnotes":""},"class_list":["post-746","page","type-page","status-publish","hentry"],"_links":{"self":[{"href":"https:\/\/stjocouffe.fr\/index.php?rest_route=\/wp\/v2\/pages\/746","targetHints":{"allow":["GET"]}}],"collection":[{"href":"https:\/\/stjocouffe.fr\/index.php?rest_route=\/wp\/v2\/pages"}],"about":[{"href":"https:\/\/stjocouffe.fr\/index.php?rest_route=\/wp\/v2\/types\/page"}],"author":[{"embeddable":true,"href":"https:\/\/stjocouffe.fr\/index.php?rest_route=\/wp\/v2\/users\/5"}],"replies":[{"embeddable":true,"href":"https:\/\/stjocouffe.fr\/index.php?rest_route=%2Fwp%2Fv2%2Fcomments&post=746"}],"version-history":[{"count":84,"href":"https:\/\/stjocouffe.fr\/index.php?rest_route=\/wp\/v2\/pages\/746\/revisions"}],"predecessor-version":[{"id":14164,"href":"https:\/\/stjocouffe.fr\/index.php?rest_route=\/wp\/v2\/pages\/746\/revisions\/14164"}],"up":[{"embeddable":true,"href":"https:\/\/stjocouffe.fr\/index.php?rest_route=\/wp\/v2\/pages\/7"}],"wp:attachment":[{"href":"https:\/\/stjocouffe.fr\/index.php?rest_route=%2Fwp%2Fv2%2Fmedia&parent=746"}],"curies":[{"name":"wp","href":"https:\/\/api.w.org\/{rel}","templated":true}]}}