{"id":726,"date":"2014-09-02T19:49:54","date_gmt":"2014-09-02T18:49:54","guid":{"rendered":"https:\/\/stjocouffe.fr\/?page_id=726"},"modified":"2022-10-21T16:19:53","modified_gmt":"2022-10-21T14:19:53","slug":"la-cantine","status":"publish","type":"page","link":"https:\/\/stjocouffe.fr\/?page_id=726","title":{"rendered":"La cantine"},"content":{"rendered":"<p>Le menu est consultable sur le site de la mairie, <a href=\"https:\/\/portail.berger-levrault.fr\/MairieCouffe44521\/accueil\">espace famille<\/a>.<\/p>\n<p>Il est demand\u00e9 aux parents d\u2019inscrire leur(s) enfant(s) \u00e0 l\u2019ann\u00e9e ou d\u2019utiliser les outils mis en place par la Mairie de COUFF\u00c9.<br \/>\nNous vous rappelons, ci-apr\u00e8s, les outils \u00e0 utiliser pour modifier le planning de r\u00e9servation de repas (ajout\/annulation des repas) :<br \/>\nPortail famille : connexion avec votre identifiant et mot de passe<\/p>\n<p>Courriel : reservationrepas@couffe.fr<br \/>\nT\u00e9l\u00e9phone : 02 40 96 50 05<\/p>\n<p>Voici le r\u00e8glement int\u00e9rieur de la cantine :<a href=\"https:\/\/stjocouffe.fr\/wp-content\/uploads\/2017\/11\/R\u00e8glement-int\u00e9rieur-cantine-municipale.pdf\"> ici&nbsp;<\/a><\/p>\n<p>&nbsp;<\/p>\n<p>&nbsp;<\/p>\n<p>&nbsp;<\/p>\n<p>&nbsp;<\/p>\n<p>&nbsp;<\/p>\n<p>&nbsp;<\/p>\n<p>&nbsp;<\/p>\n<p>&nbsp;<\/p>\n<p>&nbsp;<\/p>\n<p>&nbsp;<\/p>\n","protected":false},"excerpt":{"rendered":"<p>Le menu est consultable sur le site de la mairie, espace famille. Il est demand\u00e9 aux parents d\u2019inscrire leur(s) enfant(s) \u00e0 l\u2019ann\u00e9e ou d\u2019utiliser les outils mis en place par la Mairie de COUFF\u00c9. Nous vous rappelons, ci-apr\u00e8s, les outils \u00e0 utiliser pour modifier le planning de r\u00e9servation de repas (ajout\/annulation des repas) : Portail&hellip; <br \/> <a class=\"read-more\" href=\"https:\/\/stjocouffe.fr\/?page_id=726\">Lire la suite<\/a><\/p>\n","protected":false},"author":5,"featured_media":0,"parent":7,"menu_order":0,"comment_status":"closed","ping_status":"open","template":"","meta":{"ngg_post_thumbnail":0,"footnotes":""},"class_list":["post-726","page","type-page","status-publish","hentry"],"_links":{"self":[{"href":"https:\/\/stjocouffe.fr\/index.php?rest_route=\/wp\/v2\/pages\/726","targetHints":{"allow":["GET"]}}],"collection":[{"href":"https:\/\/stjocouffe.fr\/index.php?rest_route=\/wp\/v2\/pages"}],"about":[{"href":"https:\/\/stjocouffe.fr\/index.php?rest_route=\/wp\/v2\/types\/page"}],"author":[{"embeddable":true,"href":"https:\/\/stjocouffe.fr\/index.php?rest_route=\/wp\/v2\/users\/5"}],"replies":[{"embeddable":true,"href":"https:\/\/stjocouffe.fr\/index.php?rest_route=%2Fwp%2Fv2%2Fcomments&post=726"}],"version-history":[{"count":72,"href":"https:\/\/stjocouffe.fr\/index.php?rest_route=\/wp\/v2\/pages\/726\/revisions"}],"predecessor-version":[{"id":11764,"href":"https:\/\/stjocouffe.fr\/index.php?rest_route=\/wp\/v2\/pages\/726\/revisions\/11764"}],"up":[{"embeddable":true,"href":"https:\/\/stjocouffe.fr\/index.php?rest_route=\/wp\/v2\/pages\/7"}],"wp:attachment":[{"href":"https:\/\/stjocouffe.fr\/index.php?rest_route=%2Fwp%2Fv2%2Fmedia&parent=726"}],"curies":[{"name":"wp","href":"https:\/\/api.w.org\/{rel}","templated":true}]}}