{"id":48,"date":"2013-10-29T13:35:32","date_gmt":"2013-10-29T12:35:32","guid":{"rendered":"https:\/\/stjocouffe.fr\/?page_id=48"},"modified":"2023-11-16T22:23:56","modified_gmt":"2023-11-16T21:23:56","slug":"les-horaires","status":"publish","type":"page","link":"https:\/\/stjocouffe.fr\/?page_id=48","title":{"rendered":"Les horaires"},"content":{"rendered":"<p><u><b>Maternelles ET CP <\/b><\/u>:<\/p>\n<p>Matin: 8h45 &#8211; 12h00<\/p>\n<p>Apr\u00e8s-midi: 13h20 &#8211; 16h20<\/p>\n<p><u><b>\u00c9l\u00e9mentaire CE1 AU CM2 <\/b><\/u>:<\/p>\n<div>\n<p>Matin: 8h45 &#8211; 12h10<\/p>\n<p>Apr\u00e8s-midi: 13h30 &#8211; 16h20<\/p>\n<\/div>\n<p>La surveillance est assur\u00e9e dix minutes avant le d\u00e9but de la classe. La responsabilit\u00e9 de l\u2019\u00e9cole n\u2019est pas engag\u00e9e tant que les enfants n\u2019ont pas franchi la grille de l\u2019\u00e9cole, ni en dehors des horaires mentionn\u00e9s ci-dessus.<\/p>\n<p>&nbsp;<\/p>\n","protected":false},"excerpt":{"rendered":"<p>Maternelles ET CP : Matin: 8h45 &#8211; 12h00 Apr\u00e8s-midi: 13h20 &#8211; 16h20 \u00c9l\u00e9mentaire CE1 AU CM2 : Matin: 8h45 &#8211; 12h10 Apr\u00e8s-midi: 13h30 &#8211; 16h20 La surveillance est assur\u00e9e dix minutes avant le d\u00e9but de la classe. La responsabilit\u00e9 de l\u2019\u00e9cole n\u2019est pas engag\u00e9e tant que les enfants n\u2019ont pas franchi la grille de l\u2019\u00e9cole,&hellip; <br \/> <a class=\"read-more\" href=\"https:\/\/stjocouffe.fr\/?page_id=48\">Lire la suite<\/a><\/p>\n","protected":false},"author":5,"featured_media":0,"parent":7,"menu_order":0,"comment_status":"closed","ping_status":"open","template":"","meta":{"ngg_post_thumbnail":0,"footnotes":""},"class_list":["post-48","page","type-page","status-publish","hentry"],"_links":{"self":[{"href":"https:\/\/stjocouffe.fr\/index.php?rest_route=\/wp\/v2\/pages\/48","targetHints":{"allow":["GET"]}}],"collection":[{"href":"https:\/\/stjocouffe.fr\/index.php?rest_route=\/wp\/v2\/pages"}],"about":[{"href":"https:\/\/stjocouffe.fr\/index.php?rest_route=\/wp\/v2\/types\/page"}],"author":[{"embeddable":true,"href":"https:\/\/stjocouffe.fr\/index.php?rest_route=\/wp\/v2\/users\/5"}],"replies":[{"embeddable":true,"href":"https:\/\/stjocouffe.fr\/index.php?rest_route=%2Fwp%2Fv2%2Fcomments&post=48"}],"version-history":[{"count":10,"href":"https:\/\/stjocouffe.fr\/index.php?rest_route=\/wp\/v2\/pages\/48\/revisions"}],"predecessor-version":[{"id":12695,"href":"https:\/\/stjocouffe.fr\/index.php?rest_route=\/wp\/v2\/pages\/48\/revisions\/12695"}],"up":[{"embeddable":true,"href":"https:\/\/stjocouffe.fr\/index.php?rest_route=\/wp\/v2\/pages\/7"}],"wp:attachment":[{"href":"https:\/\/stjocouffe.fr\/index.php?rest_route=%2Fwp%2Fv2%2Fmedia&parent=48"}],"curies":[{"name":"wp","href":"https:\/\/api.w.org\/{rel}","templated":true}]}}