{"id":4330,"date":"2017-10-24T10:33:17","date_gmt":"2017-10-24T08:33:17","guid":{"rendered":"https:\/\/stjocouffe.fr\/?page_id=4330"},"modified":"2021-08-23T13:13:50","modified_gmt":"2021-08-23T11:13:50","slug":"les-chartes","status":"publish","type":"page","link":"https:\/\/stjocouffe.fr\/?page_id=4330","title":{"rendered":"Les chartes"},"content":{"rendered":"<p>En 2021, les \u00e9l\u00e8ves ont r\u00e9fl\u00e9chi tous ensemble \u00e0 un usage r\u00e9fl\u00e9chi des \u00e9crans pour bien vivre avec. Les d\u00e9l\u00e9gu\u00e9s de chaque classe ont fait des propositions au conseil des d\u00e9l\u00e9gu\u00e9s qui ont \u00e9t\u00e9 rassembl\u00e9es dans un seul document que voici:<\/p>\n<a href=\"https:\/\/stjocouffe.fr\/wp-content\/uploads\/2021\/08\/Charte-e\u0301cran-total-e\u0301cole-Saint-Joseph.pdf\" class=\"pdfemb-viewer\" style=\"\" data-width=\"max\" data-height=\"max\" data-toolbar=\"bottom\" data-toolbar-fixed=\"off\">Charte e\u0301cran total e\u0301cole Saint-Joseph<\/a>\n<p>&nbsp;<\/p>\n<p>En 2015 et 2016, les enfants de l&rsquo;\u00e9cole ont r\u00e9fl\u00e9chi pour r\u00e9diger une charte \u00ab\u00a0des 10 gestes pour notre environnement\u00a0\u00bb et une charte \u00ab\u00a0des 10 gestes pour bien vivre ensemble\u00a0\u00bb.<br \/>\n<a href=\"https:\/\/stjocouffe.fr\/wp-content\/uploads\/2017\/10\/charte-environnement.jpg\"><img loading=\"lazy\" decoding=\"async\" class=\"alignnone wp-image-4333 size-full\" src=\"https:\/\/stjocouffe.fr\/wp-content\/uploads\/2017\/10\/charte-environnement.jpg\" alt=\"\" width=\"658\" height=\"877\" srcset=\"https:\/\/stjocouffe.fr\/wp-content\/uploads\/2017\/10\/charte-environnement.jpg 658w, https:\/\/stjocouffe.fr\/wp-content\/uploads\/2017\/10\/charte-environnement-225x300.jpg 225w\" sizes=\"auto, (max-width: 658px) 100vw, 658px\" \/><\/a><\/p>\n<p><a href=\"https:\/\/stjocouffe.fr\/wp-content\/uploads\/2017\/10\/charte-vivre-ensemble.jpg\"><img loading=\"lazy\" decoding=\"async\" class=\"alignnone wp-image-4334 size-full\" src=\"https:\/\/stjocouffe.fr\/wp-content\/uploads\/2017\/10\/charte-vivre-ensemble.jpg\" alt=\"\" width=\"660\" height=\"875\" srcset=\"https:\/\/stjocouffe.fr\/wp-content\/uploads\/2017\/10\/charte-vivre-ensemble.jpg 660w, https:\/\/stjocouffe.fr\/wp-content\/uploads\/2017\/10\/charte-vivre-ensemble-226x300.jpg 226w\" sizes=\"auto, (max-width: 660px) 100vw, 660px\" \/><\/a><\/p>\n","protected":false},"excerpt":{"rendered":"<p>En 2021, les \u00e9l\u00e8ves ont r\u00e9fl\u00e9chi tous ensemble \u00e0 un usage r\u00e9fl\u00e9chi des \u00e9crans pour bien vivre avec. Les d\u00e9l\u00e9gu\u00e9s de chaque classe ont fait des propositions au conseil des d\u00e9l\u00e9gu\u00e9s qui ont \u00e9t\u00e9 rassembl\u00e9es dans un seul document que voici: &nbsp; En 2015 et 2016, les enfants de l&rsquo;\u00e9cole ont r\u00e9fl\u00e9chi pour r\u00e9diger une&hellip; <br \/> <a class=\"read-more\" href=\"https:\/\/stjocouffe.fr\/?page_id=4330\">Lire la suite<\/a><\/p>\n","protected":false},"author":5,"featured_media":0,"parent":0,"menu_order":0,"comment_status":"closed","ping_status":"closed","template":"","meta":{"ngg_post_thumbnail":0,"footnotes":""},"class_list":["post-4330","page","type-page","status-publish","hentry"],"_links":{"self":[{"href":"https:\/\/stjocouffe.fr\/index.php?rest_route=\/wp\/v2\/pages\/4330","targetHints":{"allow":["GET"]}}],"collection":[{"href":"https:\/\/stjocouffe.fr\/index.php?rest_route=\/wp\/v2\/pages"}],"about":[{"href":"https:\/\/stjocouffe.fr\/index.php?rest_route=\/wp\/v2\/types\/page"}],"author":[{"embeddable":true,"href":"https:\/\/stjocouffe.fr\/index.php?rest_route=\/wp\/v2\/users\/5"}],"replies":[{"embeddable":true,"href":"https:\/\/stjocouffe.fr\/index.php?rest_route=%2Fwp%2Fv2%2Fcomments&post=4330"}],"version-history":[{"count":5,"href":"https:\/\/stjocouffe.fr\/index.php?rest_route=\/wp\/v2\/pages\/4330\/revisions"}],"predecessor-version":[{"id":10175,"href":"https:\/\/stjocouffe.fr\/index.php?rest_route=\/wp\/v2\/pages\/4330\/revisions\/10175"}],"wp:attachment":[{"href":"https:\/\/stjocouffe.fr\/index.php?rest_route=%2Fwp%2Fv2%2Fmedia&parent=4330"}],"curies":[{"name":"wp","href":"https:\/\/api.w.org\/{rel}","templated":true}]}}