{"id":37,"date":"2013-10-29T12:37:38","date_gmt":"2013-10-29T11:37:38","guid":{"rendered":"https:\/\/stjocouffe.fr\/?page_id=37"},"modified":"2026-03-19T09:16:19","modified_gmt":"2026-03-19T08:16:19","slug":"liens-utiles","status":"publish","type":"page","link":"https:\/\/stjocouffe.fr\/?page_id=37","title":{"rendered":"Liens utiles"},"content":{"rendered":"<p><strong>Sites utiles :<\/strong><br \/>\n<a href=\"https:\/\/stjocouffe.fr\/wp-content\/uploads\/2025\/09\/Logo-Pays-de-la-Loire-44-transparent.png\"><img loading=\"lazy\" decoding=\"async\" class=\"wp-image-14172 alignleft\" src=\"https:\/\/stjocouffe.fr\/wp-content\/uploads\/2025\/09\/Logo-Pays-de-la-Loire-44-transparent-300x300.png\" alt=\"\" width=\"147\" height=\"147\" srcset=\"https:\/\/stjocouffe.fr\/wp-content\/uploads\/2025\/09\/Logo-Pays-de-la-Loire-44-transparent-300x300.png 300w, https:\/\/stjocouffe.fr\/wp-content\/uploads\/2025\/09\/Logo-Pays-de-la-Loire-44-transparent-1024x1024.png 1024w, https:\/\/stjocouffe.fr\/wp-content\/uploads\/2025\/09\/Logo-Pays-de-la-Loire-44-transparent-150x150.png 150w, https:\/\/stjocouffe.fr\/wp-content\/uploads\/2025\/09\/Logo-Pays-de-la-Loire-44-transparent-768x768.png 768w, https:\/\/stjocouffe.fr\/wp-content\/uploads\/2025\/09\/Logo-Pays-de-la-Loire-44-transparent-1536x1536.png 1536w, https:\/\/stjocouffe.fr\/wp-content\/uploads\/2025\/09\/Logo-Pays-de-la-Loire-44-transparent-2048x2048.png 2048w, https:\/\/stjocouffe.fr\/wp-content\/uploads\/2025\/09\/Logo-Pays-de-la-Loire-44-transparent-1080x1080.png 1080w\" sizes=\"auto, (max-width: 147px) 100vw, 147px\" \/><\/a><\/p>\n<p><a href=\"http:\/\/www.ec44.fr\/\">Enseignement &nbsp;catholique de Loire Atlantique. <\/a><\/p>\n<p><a href=\"http:\/\/www.monecoleprivee.fr\">www.monecoleprivee.fr<\/a><\/p>\n<p><a href=\"http:\/\/www.udogec44.org\/\">UDOGEC<\/a><\/p>\n<p>&nbsp;<\/p>\n<p>&nbsp;<\/p>\n<p style=\"text-align: left;\"><strong>Pour la cantine, la p\u00e9riscolaire et le transport scolaire :<\/strong><br \/>\n<a href=\"http:\/\/www.couffe.fr\/\">La mairie de Couff\u00e9<br \/>\n<\/a><a href=\"https:\/\/aleop.paysdelaloire.fr\/aleop-je-minforme-sur-les-transports-scolaires\">Al\u00e9op &#8211; d\u00e9partement &#8211; transports scolaires<\/a><\/p>\n<p><a href=\"https:\/\/stjocouffe.fr\/wp-content\/uploads\/2026\/03\/200901rentree_lycee_nort_sur_erdre03-pdl-088308v2.jpg.webp\"><img loading=\"lazy\" decoding=\"async\" class=\"alignnone size-medium wp-image-14466\" src=\"https:\/\/stjocouffe.fr\/wp-content\/uploads\/2026\/03\/200901rentree_lycee_nort_sur_erdre03-pdl-088308v2.jpg-300x227.webp\" alt=\"\" width=\"300\" height=\"227\" srcset=\"https:\/\/stjocouffe.fr\/wp-content\/uploads\/2026\/03\/200901rentree_lycee_nort_sur_erdre03-pdl-088308v2.jpg-300x227.webp 300w, https:\/\/stjocouffe.fr\/wp-content\/uploads\/2026\/03\/200901rentree_lycee_nort_sur_erdre03-pdl-088308v2.jpg.webp 575w\" sizes=\"auto, (max-width: 300px) 100vw, 300px\" \/><\/a><\/p>\n","protected":false},"excerpt":{"rendered":"<p>Sites utiles : Enseignement &nbsp;catholique de Loire Atlantique. www.monecoleprivee.fr UDOGEC &nbsp; &nbsp; Pour la cantine, la p\u00e9riscolaire et le transport scolaire : La mairie de Couff\u00e9 Al\u00e9op &#8211; d\u00e9partement &#8211; transports scolaires<\/p>\n","protected":false},"author":5,"featured_media":0,"parent":0,"menu_order":0,"comment_status":"closed","ping_status":"open","template":"","meta":{"ngg_post_thumbnail":0,"footnotes":""},"class_list":["post-37","page","type-page","status-publish","hentry"],"_links":{"self":[{"href":"https:\/\/stjocouffe.fr\/index.php?rest_route=\/wp\/v2\/pages\/37","targetHints":{"allow":["GET"]}}],"collection":[{"href":"https:\/\/stjocouffe.fr\/index.php?rest_route=\/wp\/v2\/pages"}],"about":[{"href":"https:\/\/stjocouffe.fr\/index.php?rest_route=\/wp\/v2\/types\/page"}],"author":[{"embeddable":true,"href":"https:\/\/stjocouffe.fr\/index.php?rest_route=\/wp\/v2\/users\/5"}],"replies":[{"embeddable":true,"href":"https:\/\/stjocouffe.fr\/index.php?rest_route=%2Fwp%2Fv2%2Fcomments&post=37"}],"version-history":[{"count":6,"href":"https:\/\/stjocouffe.fr\/index.php?rest_route=\/wp\/v2\/pages\/37\/revisions"}],"predecessor-version":[{"id":14468,"href":"https:\/\/stjocouffe.fr\/index.php?rest_route=\/wp\/v2\/pages\/37\/revisions\/14468"}],"wp:attachment":[{"href":"https:\/\/stjocouffe.fr\/index.php?rest_route=%2Fwp%2Fv2%2Fmedia&parent=37"}],"curies":[{"name":"wp","href":"https:\/\/api.w.org\/{rel}","templated":true}]}}