{"id":35,"date":"2013-10-29T12:37:18","date_gmt":"2013-10-29T11:37:18","guid":{"rendered":"https:\/\/stjocouffe.fr\/?page_id=35"},"modified":"2022-09-04T10:56:37","modified_gmt":"2022-09-04T08:56:37","slug":"la-pastorale","status":"publish","type":"page","link":"https:\/\/stjocouffe.fr\/?page_id=35","title":{"rendered":"Pastorale"},"content":{"rendered":"<p>&nbsp;<\/p>\n<p>Cat\u00e9 ou pas cat\u00e9 ?&nbsp;<br \/>\n<iframe loading=\"lazy\" src=\"https:\/\/player.vimeo.com\/video\/140154002\" width=\"640\" height=\"360\" frameborder=\"0\" allowfullscreen=\"allowfullscreen\"><\/iframe><\/p>\n<p><a href=\"https:\/\/vimeo.com\/140154002\">Cat\u00e9 ou pas cat\u00e9 ?<\/a> from <a href=\"https:\/\/vimeo.com\/dioceseangers\">Dioc\u00e8se d&rsquo;Angers<\/a> on <a href=\"https:\/\/vimeo.com\">Vimeo<\/a>.<\/p>\n<p><strong>Eveil \u00e0 la foi<\/strong><br \/>\nNouveau : pour les enfants des classes de maternelle et de CP, les outils <a href=\"http:\/\/www.cadeaux-de-dieu.fr\/\">\u00ab\u00a0Cadeaux de Dieu\u00a0\u00bb<\/a> permettent un \u00e9veil \u00e0 la foi \u00e0 partir de contes bibliques, de jeux, de chants, d&rsquo;activit\u00e9s ludiques &#8230;&nbsp;<br \/>\n<a href=\"https:\/\/stjocouffe.fr\/wp-content\/uploads\/2017\/09\/cadeau.jpg\"><img loading=\"lazy\" decoding=\"async\" class=\"alignright wp-image-4220 size-thumbnail\" src=\"https:\/\/stjocouffe.fr\/wp-content\/uploads\/2017\/09\/cadeau-150x150.jpg\" alt=\"\" width=\"150\" height=\"150\"><\/a><\/p>\n<p>A partir de la classe de CE1, l\u2019\u00e9cole propose 1 heure&nbsp; de culture chr\u00e9tienne ou &nbsp;de cat\u00e9ch\u00e8se<b><br \/>\nCulture chr\u00e9tienne avec \u00ab&nbsp;Les Aventures de Zou&nbsp;\u00bb<a href=\"https:\/\/stjocouffe.fr\/wp-content\/uploads\/2013\/11\/zou.jpg\"><img loading=\"lazy\" decoding=\"async\" class=\"size-medium wp-image-133 alignright\" src=\"https:\/\/stjocouffe.fr\/wp-content\/uploads\/2013\/11\/zou-300x300.jpg\" alt=\"zou\" width=\"300\" height=\"300\" srcset=\"https:\/\/stjocouffe.fr\/wp-content\/uploads\/2013\/11\/zou-300x300.jpg 300w, https:\/\/stjocouffe.fr\/wp-content\/uploads\/2013\/11\/zou-150x150.jpg 150w, https:\/\/stjocouffe.fr\/wp-content\/uploads\/2013\/11\/zou-624x624.jpg 624w, https:\/\/stjocouffe.fr\/wp-content\/uploads\/2013\/11\/zou.jpg 800w\" sizes=\"auto, (max-width: 300px) 100vw, 300px\" \/><\/a><br \/>\n<\/b>Ce document, destin\u00e9 aux enfants de 7-8 ans, permet une d\u00e9couverte de la culture chr\u00e9tienne \u00e0 partir de la lecture continue de l\u2019\u00e9vangile de Luc. Les enfants suivent les p\u00e9rip\u00e9ties de Zou, un chat malicieux et joueur qui \u00e9veille leur curiosit\u00e9<b><br \/>\n<\/b><\/p>\n<p>&nbsp;<\/p>\n<p><b>Cat\u00e9ch\u00e8se en CE1 et CE2 :&nbsp;\u00ab\u00a0Dieu fait pour nous des merveilles !\u00a0\u00bb<br \/>\n<\/b><a href=\"http:\/\/decouverte.editions-mediaclap.fr\/pour-les-catechises\/dieu-fait-pour-nous-des-merveilles\">\u00ab\u00a0Dieu fait pour nous des merveilles !\u00a0\u00bb<\/a> permet une premi\u00e8re annonce et propose un parcours de cat\u00e9ch\u00e8se pour les enfants en CE avec des outils multim\u00e9dias interactifs.<a href=\"https:\/\/stjocouffe.fr\/wp-content\/uploads\/2016\/01\/livre.png\" rel=\"attachment wp-att-1854\"><img loading=\"lazy\" decoding=\"async\" class=\"size-full wp-image-1854 alignright\" src=\"https:\/\/stjocouffe.fr\/wp-content\/uploads\/2016\/01\/livre.png\" alt=\"livre\" width=\"256\" height=\"256\" srcset=\"https:\/\/stjocouffe.fr\/wp-content\/uploads\/2016\/01\/livre.png 256w, https:\/\/stjocouffe.fr\/wp-content\/uploads\/2016\/01\/livre-150x150.png 150w\" sizes=\"auto, (max-width: 256px) 100vw, 256px\" \/><\/a><\/p>\n<p>&nbsp;<\/p>\n<p><em>\u00a0\u00bb les aventures d&rsquo;Anne et L\u00e9o\u00a0\u00bb<\/em> Reporters est le support de culture chr\u00e9tienne pour les Ce2. <img loading=\"lazy\" decoding=\"async\" class=\"alignright\" src=\"https:\/\/boutique.editions-mediaclap.fr\/Content\/images\/F313_\/F313_CC3-ER-anne-et-leo-reporters-livre-fichier-enfant_0001.png\" alt=\"item-image-0\" width=\"245\" height=\"245\"><\/p>\n<p>Pour en savoir plus :<a href=\"https:\/\/decouverte.editions-mediaclap.fr\/?id=W4E5A\"> ici&nbsp; et <\/a><a href=\"https:\/\/decouverte.editions-mediaclap.fr\/?id=EVX4Q\">ici&nbsp;<\/a><\/p>\n<p>&nbsp;<\/p>\n<p>&nbsp;<\/p>\n<p>&nbsp;<\/p>\n<p><b><br \/>\nCat\u00e9ch\u00e8se en CM1 et CM2 avec <a href=\"https:\/\/decouverte.editions-mediaclap.fr\/?id=A6M3U\">Dieu dans nos vies.<\/a><\/b><\/p>\n<p>Culture chr\u00e9tienne en CM1CM2 avec \u00ab\u00a0Anne et L\u00e9o\u00a0\u00bb<\/p>\n<p><a href=\"http:\/\/www.anne-et-leo.fr\/\"><span class=\"blue\">\u00ab<em> Les Aventures d\u2019Anne et L\u00e9o&nbsp;\u00bb<\/em><\/span><\/a><em>permettent une d\u00e9couverte de&nbsp;la&nbsp;<span class=\"blue\">culture chr\u00e9tienne en&nbsp; CM1<\/span>&nbsp;et&nbsp;<span class=\"blue\">CM2<\/span>&nbsp;(sources bibliques, histoire et vie des chr\u00e9tiens, temps liturgiques et ouverture aux autres religions). Les enfants d\u00e9couvrent les reportages de leurs mascottes&nbsp;:&nbsp;<span class=\"blue\">Anne, L\u00e9o<\/span>&nbsp;et le&nbsp;<span class=\"blue\">chat Zou<\/span>. Ils sont amen\u00e9s \u00e0 exercer leur curiosit\u00e9 et leur capacit\u00e9 de recherche.<\/em><\/p>\n<p>Pour plus d&rsquo;information sur la pr\u00e9paration de la premi\u00e8re communion voir le <a href=\"https:\/\/paroisses-st-pierre-st-martin.fr\">site de la Paroisse Saint Pierre Sur Loire.<\/a><\/p>\n","protected":false},"excerpt":{"rendered":"<p>&nbsp; Cat\u00e9 ou pas cat\u00e9 ?&nbsp; Cat\u00e9 ou pas cat\u00e9 ? from Dioc\u00e8se d&rsquo;Angers on Vimeo. Eveil \u00e0 la foi Nouveau : pour les enfants des classes de maternelle et de CP, les outils \u00ab\u00a0Cadeaux de Dieu\u00a0\u00bb permettent un \u00e9veil \u00e0 la foi \u00e0 partir de contes bibliques, de jeux, de chants, d&rsquo;activit\u00e9s ludiques &#8230;&nbsp;&hellip; <br \/> <a class=\"read-more\" href=\"https:\/\/stjocouffe.fr\/?page_id=35\">Lire la suite<\/a><\/p>\n","protected":false},"author":5,"featured_media":0,"parent":0,"menu_order":0,"comment_status":"closed","ping_status":"open","template":"","meta":{"ngg_post_thumbnail":0,"footnotes":""},"class_list":["post-35","page","type-page","status-publish","hentry"],"_links":{"self":[{"href":"https:\/\/stjocouffe.fr\/index.php?rest_route=\/wp\/v2\/pages\/35","targetHints":{"allow":["GET"]}}],"collection":[{"href":"https:\/\/stjocouffe.fr\/index.php?rest_route=\/wp\/v2\/pages"}],"about":[{"href":"https:\/\/stjocouffe.fr\/index.php?rest_route=\/wp\/v2\/types\/page"}],"author":[{"embeddable":true,"href":"https:\/\/stjocouffe.fr\/index.php?rest_route=\/wp\/v2\/users\/5"}],"replies":[{"embeddable":true,"href":"https:\/\/stjocouffe.fr\/index.php?rest_route=%2Fwp%2Fv2%2Fcomments&post=35"}],"version-history":[{"count":10,"href":"https:\/\/stjocouffe.fr\/index.php?rest_route=\/wp\/v2\/pages\/35\/revisions"}],"predecessor-version":[{"id":11543,"href":"https:\/\/stjocouffe.fr\/index.php?rest_route=\/wp\/v2\/pages\/35\/revisions\/11543"}],"wp:attachment":[{"href":"https:\/\/stjocouffe.fr\/index.php?rest_route=%2Fwp%2Fv2%2Fmedia&parent=35"}],"curies":[{"name":"wp","href":"https:\/\/api.w.org\/{rel}","templated":true}]}}