{"id":31,"date":"2013-10-29T12:35:59","date_gmt":"2013-10-29T11:35:59","guid":{"rendered":"https:\/\/stjocouffe.fr\/?page_id=31"},"modified":"2022-12-22T12:23:09","modified_gmt":"2022-12-22T11:23:09","slug":"logec","status":"publish","type":"page","link":"https:\/\/stjocouffe.fr\/?page_id=31","title":{"rendered":"L&rsquo;OGEC"},"content":{"rendered":"<p><a href=\"https:\/\/stjocouffe.fr\/wp-content\/uploads\/2022\/12\/presentation-ogec-volontaire.pdf\">Pr\u00e9sentation de l&rsquo;OGEC <\/a><br \/>\n<span style=\"line-height: 1.714285714; font-size: 1rem;\">Elle a \u00e9t\u00e9 voulue par l\u2019Enseignement Catholique pour assurer la personnalit\u00e9 juridique et morale des \u00e9tablissements.<br \/>\n<\/span><span style=\"font-size: 1rem; line-height: 1.714285714;\">Elle a \u00e9t\u00e9 \u00e9tablie dans le cadre du contrat sign\u00e9 avec l\u2019Etat (loi Debr\u00e9, 1959).<\/span><\/p>\n<p style=\"text-align: center;\">L\u2019OGEC est responsable de la gestion financi\u00e8re de l\u2019\u00e9tablissement et garant de l\u2019affectation des fonds&nbsp;<span style=\"text-decoration: underline;\">publics<\/span>&nbsp;et&nbsp;<span style=\"text-decoration: underline;\">priv\u00e9s<\/span>&nbsp;per\u00e7us.<br \/>\n<span style=\"line-height: 1.714285714; font-size: 1rem;\">L\u2019OGEC assure la fonction d\u2019employeur l\u00e9gal des personnels d\u2019administration et de service.<br \/>\n<\/span><span style=\"line-height: 1.714285714; font-size: 1rem;\">L\u2019OGEC est responsable du patrimoine immobilier et mobilier, de l\u2019\u00e9quipement mat\u00e9riel de l\u2019\u00e9cole. Il veille \u00e0 l\u2019entretien \u00e0 l\u2019adaptation, \u00e0 la s\u00e9curit\u00e9 et conformit\u00e9 des locaux. Il organise et finance les travaux n\u00e9cessaires\u2026<br \/>\n<\/span><span style=\"line-height: 1.714285714; font-size: 1rem;\">L\u2019OGEC repr\u00e9sente tous les parents aupr\u00e8s des instances : UDOGEC, UROGEC, FNOGEC<a href=\"https:\/\/stjocouffe.fr\/wp-content\/uploads\/2013\/10\/Capture.jpg\"><img loading=\"lazy\" decoding=\"async\" class=\"size-medium wp-image-77 aligncenter\" src=\"https:\/\/stjocouffe.fr\/wp-content\/uploads\/2013\/10\/Capture-300x209.jpg\" alt=\"Capture\" width=\"300\" height=\"209\" srcset=\"https:\/\/stjocouffe.fr\/wp-content\/uploads\/2013\/10\/Capture-300x209.jpg 300w, https:\/\/stjocouffe.fr\/wp-content\/uploads\/2013\/10\/Capture-624x436.jpg 624w, https:\/\/stjocouffe.fr\/wp-content\/uploads\/2013\/10\/Capture.jpg 866w\" sizes=\"auto, (max-width: 300px) 100vw, 300px\" \/><\/a><\/span><\/p>\n<p>&nbsp;<\/p>\n","protected":false},"excerpt":{"rendered":"<p>Pr\u00e9sentation de l&rsquo;OGEC Elle a \u00e9t\u00e9 voulue par l\u2019Enseignement Catholique pour assurer la personnalit\u00e9 juridique et morale des \u00e9tablissements. Elle a \u00e9t\u00e9 \u00e9tablie dans le cadre du contrat sign\u00e9 avec l\u2019Etat (loi Debr\u00e9, 1959). L\u2019OGEC est responsable de la gestion financi\u00e8re de l\u2019\u00e9tablissement et garant de l\u2019affectation des fonds&nbsp;publics&nbsp;et&nbsp;priv\u00e9s&nbsp;per\u00e7us. L\u2019OGEC assure la fonction d\u2019employeur l\u00e9gal&hellip; <br \/> <a class=\"read-more\" href=\"https:\/\/stjocouffe.fr\/?page_id=31\">Lire la suite<\/a><\/p>\n","protected":false},"author":5,"featured_media":0,"parent":0,"menu_order":0,"comment_status":"closed","ping_status":"open","template":"","meta":{"ngg_post_thumbnail":0,"footnotes":""},"class_list":["post-31","page","type-page","status-publish","hentry"],"_links":{"self":[{"href":"https:\/\/stjocouffe.fr\/index.php?rest_route=\/wp\/v2\/pages\/31","targetHints":{"allow":["GET"]}}],"collection":[{"href":"https:\/\/stjocouffe.fr\/index.php?rest_route=\/wp\/v2\/pages"}],"about":[{"href":"https:\/\/stjocouffe.fr\/index.php?rest_route=\/wp\/v2\/types\/page"}],"author":[{"embeddable":true,"href":"https:\/\/stjocouffe.fr\/index.php?rest_route=\/wp\/v2\/users\/5"}],"replies":[{"embeddable":true,"href":"https:\/\/stjocouffe.fr\/index.php?rest_route=%2Fwp%2Fv2%2Fcomments&post=31"}],"version-history":[{"count":2,"href":"https:\/\/stjocouffe.fr\/index.php?rest_route=\/wp\/v2\/pages\/31\/revisions"}],"predecessor-version":[{"id":11935,"href":"https:\/\/stjocouffe.fr\/index.php?rest_route=\/wp\/v2\/pages\/31\/revisions\/11935"}],"wp:attachment":[{"href":"https:\/\/stjocouffe.fr\/index.php?rest_route=%2Fwp%2Fv2%2Fmedia&parent=31"}],"curies":[{"name":"wp","href":"https:\/\/api.w.org\/{rel}","templated":true}]}}