{"id":20,"date":"2013-10-29T12:29:06","date_gmt":"2013-10-29T11:29:06","guid":{"rendered":"https:\/\/stjocouffe.fr\/?page_id=20"},"modified":"2025-09-25T08:34:55","modified_gmt":"2025-09-25T06:34:55","slug":"lequipe-educative","status":"publish","type":"page","link":"https:\/\/stjocouffe.fr\/?page_id=20","title":{"rendered":"L&rsquo;\u00e9quipe enseignante 2025 2026"},"content":{"rendered":"<h5>&nbsp;<\/h5>\n<h5><span style=\"text-decoration: underline;\"><em><a href=\"https:\/\/stjocouffe.fr\/wp-content\/uploads\/2025\/09\/Image-equipe-CANVA-affiche-25-26.jpg\"><img loading=\"lazy\" decoding=\"async\" class=\"wp-image-14249 aligncenter\" src=\"https:\/\/stjocouffe.fr\/wp-content\/uploads\/2025\/09\/Image-equipe-CANVA-affiche-25-26-300x212.jpg\" alt=\"\" width=\"969\" height=\"685\" srcset=\"https:\/\/stjocouffe.fr\/wp-content\/uploads\/2025\/09\/Image-equipe-CANVA-affiche-25-26-300x212.jpg 300w, https:\/\/stjocouffe.fr\/wp-content\/uploads\/2025\/09\/Image-equipe-CANVA-affiche-25-26-1024x724.jpg 1024w, https:\/\/stjocouffe.fr\/wp-content\/uploads\/2025\/09\/Image-equipe-CANVA-affiche-25-26-768x543.jpg 768w, https:\/\/stjocouffe.fr\/wp-content\/uploads\/2025\/09\/Image-equipe-CANVA-affiche-25-26-1536x1086.jpg 1536w, https:\/\/stjocouffe.fr\/wp-content\/uploads\/2025\/09\/Image-equipe-CANVA-affiche-25-26-1528x1080.jpg 1528w, https:\/\/stjocouffe.fr\/wp-content\/uploads\/2025\/09\/Image-equipe-CANVA-affiche-25-26.jpg 2000w\" sizes=\"auto, (max-width: 969px) 100vw, 969px\" \/><\/a><\/em><\/span><\/h5>\n<h5><span style=\"text-decoration: underline;\"><em>De gauche \u00e0 droite, de bas en haut :&nbsp;<\/em><\/span><\/h5>\n<h5>Jessica SOARES, Laureen THOMAZEAU, Sonia AUDIO,&nbsp;<\/h5>\n<h5>Madeline DUPE, Alexia ALLARD, Nelly STEPHAN, Jean-Fran\u00e7ois COUEDEL, Charl\u00e8ne OGER, Ang\u00e9lique THIMOUY, Nathalie BERNARD<\/h5>\n<h5><b><u>Maternelles:&nbsp; <\/u><\/b>2 classes<\/h5>\n<ul>\n<li>Mme Laureen THOMAZEAU, ASEM TPS \/ PS \/ MS<\/li>\n<li>Mme Ang\u00e9lique THIMOUY, enseignante de la classe de TPS\/PS\/MS&nbsp;<\/li>\n<li>Mme Nathalie BERNARD, enseignante de la classe de GS\/CP<\/li>\n<li>Mme Sonia Audio, ASEM GS\/CP<\/li>\n<\/ul>\n<p><strong><u>En \u00e9l\u00e9mentaire&nbsp;<\/u><\/strong>: 3 classes<\/p>\n<ul>\n<li>Mme Charl\u00e8ne OGER et Mme Nelly STEPHAN, enseignantes de la classe de CP\/CE1&nbsp;<\/li>\n<li>Mr Jean-Fran\u00e7ois COUEDEL, enseignant de la classe de CE2\/CM1<\/li>\n<li>Mme Madeline DUP\u00c9 et Charl\u00e8ne OGER, enseignantes de la classe de CM1\/CM2<\/li>\n<\/ul>\n<p><strong><span style=\"text-decoration: underline;\">Poste ressources :&nbsp;<\/span><\/strong><\/p>\n<ul>\n<li>Mme Jessica SOARES, enseignante sp\u00e9cialis\u00e9e<\/li>\n<\/ul>\n","protected":false},"excerpt":{"rendered":"<p>&nbsp; De gauche \u00e0 droite, de bas en haut :&nbsp; Jessica SOARES, Laureen THOMAZEAU, Sonia AUDIO,&nbsp; Madeline DUPE, Alexia ALLARD, Nelly STEPHAN, Jean-Fran\u00e7ois COUEDEL, Charl\u00e8ne OGER, Ang\u00e9lique THIMOUY, Nathalie BERNARD Maternelles:&nbsp; 2 classes Mme Laureen THOMAZEAU, ASEM TPS \/ PS \/ MS Mme Ang\u00e9lique THIMOUY, enseignante de la classe de TPS\/PS\/MS&nbsp; Mme Nathalie BERNARD, enseignante&hellip; <br \/> <a class=\"read-more\" href=\"https:\/\/stjocouffe.fr\/?page_id=20\">Lire la suite<\/a><\/p>\n","protected":false},"author":5,"featured_media":0,"parent":7,"menu_order":0,"comment_status":"closed","ping_status":"open","template":"","meta":{"ngg_post_thumbnail":0,"footnotes":""},"class_list":["post-20","page","type-page","status-publish","hentry"],"_links":{"self":[{"href":"https:\/\/stjocouffe.fr\/index.php?rest_route=\/wp\/v2\/pages\/20","targetHints":{"allow":["GET"]}}],"collection":[{"href":"https:\/\/stjocouffe.fr\/index.php?rest_route=\/wp\/v2\/pages"}],"about":[{"href":"https:\/\/stjocouffe.fr\/index.php?rest_route=\/wp\/v2\/types\/page"}],"author":[{"embeddable":true,"href":"https:\/\/stjocouffe.fr\/index.php?rest_route=\/wp\/v2\/users\/5"}],"replies":[{"embeddable":true,"href":"https:\/\/stjocouffe.fr\/index.php?rest_route=%2Fwp%2Fv2%2Fcomments&post=20"}],"version-history":[{"count":34,"href":"https:\/\/stjocouffe.fr\/index.php?rest_route=\/wp\/v2\/pages\/20\/revisions"}],"predecessor-version":[{"id":14250,"href":"https:\/\/stjocouffe.fr\/index.php?rest_route=\/wp\/v2\/pages\/20\/revisions\/14250"}],"up":[{"embeddable":true,"href":"https:\/\/stjocouffe.fr\/index.php?rest_route=\/wp\/v2\/pages\/7"}],"wp:attachment":[{"href":"https:\/\/stjocouffe.fr\/index.php?rest_route=%2Fwp%2Fv2%2Fmedia&parent=20"}],"curies":[{"name":"wp","href":"https:\/\/api.w.org\/{rel}","templated":true}]}}