{"id":18,"date":"2013-10-29T12:28:32","date_gmt":"2013-10-29T11:28:32","guid":{"rendered":"https:\/\/stjocouffe.fr\/?page_id=18"},"modified":"2025-09-24T17:16:12","modified_gmt":"2025-09-24T15:16:12","slug":"modalites-dinscriptions","status":"publish","type":"page","link":"https:\/\/stjocouffe.fr\/?page_id=18","title":{"rendered":"Modalit\u00e9s d&rsquo;inscriptions"},"content":{"rendered":"<p><span style=\"color: #000080;\"><strong>Les inscriptions pour la rentr\u00e9e 2026 commenceront d\u00e8s le 5 janvier 2026.<\/strong><\/span><\/p>\n<p><strong>Une porte-ouverte est pr\u00e9vue<span style=\"color: #0000ff;\"><span style=\"color: #000080;\"> le VENDREDI 23 JANVIER&nbsp; de 17h30 \u00e0 19h30<\/span>.<\/span><\/strong><a href=\"https:\/\/stjocouffe.fr\/wp-content\/uploads\/2025\/09\/Affiche-Poster-Journee-Portes-Ouvertes-St-Jo-2026.jpg\"><img loading=\"lazy\" decoding=\"async\" class=\"wp-image-14165 alignright\" src=\"https:\/\/stjocouffe.fr\/wp-content\/uploads\/2025\/09\/Affiche-Poster-Journee-Portes-Ouvertes-St-Jo-2026-212x300.jpg\" alt=\"\" width=\"301\" height=\"426\" srcset=\"https:\/\/stjocouffe.fr\/wp-content\/uploads\/2025\/09\/Affiche-Poster-Journee-Portes-Ouvertes-St-Jo-2026-212x300.jpg 212w, https:\/\/stjocouffe.fr\/wp-content\/uploads\/2025\/09\/Affiche-Poster-Journee-Portes-Ouvertes-St-Jo-2026-724x1024.jpg 724w, https:\/\/stjocouffe.fr\/wp-content\/uploads\/2025\/09\/Affiche-Poster-Journee-Portes-Ouvertes-St-Jo-2026-768x1086.jpg 768w, https:\/\/stjocouffe.fr\/wp-content\/uploads\/2025\/09\/Affiche-Poster-Journee-Portes-Ouvertes-St-Jo-2026-1086x1536.jpg 1086w, https:\/\/stjocouffe.fr\/wp-content\/uploads\/2025\/09\/Affiche-Poster-Journee-Portes-Ouvertes-St-Jo-2026-1448x2048.jpg 1448w, https:\/\/stjocouffe.fr\/wp-content\/uploads\/2025\/09\/Affiche-Poster-Journee-Portes-Ouvertes-St-Jo-2026-1024x1449.jpg 1024w, https:\/\/stjocouffe.fr\/wp-content\/uploads\/2025\/09\/Affiche-Poster-Journee-Portes-Ouvertes-St-Jo-2026-763x1080.jpg 763w, https:\/\/stjocouffe.fr\/wp-content\/uploads\/2025\/09\/Affiche-Poster-Journee-Portes-Ouvertes-St-Jo-2026.jpg 1587w\" sizes=\"auto, (max-width: 301px) 100vw, 301px\" \/><\/a><\/p>\n<p>Pour inscrire votre enfant, contacter la cheffe d&rsquo;\u00e9tablissement, Mme Dup\u00e9, par mail ou par t\u00e9l\u00e9phone. Elle est disponible toute la journ\u00e9e le mardi, ainsi que tous les soirs de la semaine \u00e0 partir de 16h 30 et jusqu&rsquo;\u00e0 17h45 (exception du mercredi).<\/p>\n<p>Une rencontre sera organis\u00e9e avec elle et (si disponible) l&rsquo;enseignant de votre enfant, pour vous pr\u00e9senter l\u2019\u00e9cole, son projet \u00e9ducatif, pastoral et p\u00e9dagogique et r\u00e9pondre \u00e0 toutes vos questions.<\/p>\n<p>La porte-ouverte est un moment privil\u00e9gi\u00e9 pour se rencontrer, ainsi que les associations de l&rsquo;\u00e9cole qui sont pr\u00e9sentes.<\/p>\n<p>PS : Pour le rendez-vous, pensez \u00e0 vous munir de votre livret de famille, du carnet de sant\u00e9 de votre enfant et d\u2019un RIB<\/p>\n<p>Vous \u00eates les bienvenus avec votre enfant !<\/p>\n<p>Merci de nous contacter par t\u00e9l\u00e9phone ou par mail :<br \/>\n<strong>02 40 96 55 34 (n\u2019h\u00e9sitez pas \u00e0 laisser un message vocal)<\/strong><br \/>\n<b>ec.couffe.st-joseph@ec44.fr<\/b><\/p>\n<p><a href=\"https:\/\/stjocouffe.fr\/wp-content\/uploads\/2023\/11\/001.14-e1708959234465.jpg\"><img loading=\"lazy\" decoding=\"async\" class=\"alignnone wp-image-12673 aligncenter\" src=\"https:\/\/stjocouffe.fr\/wp-content\/uploads\/2023\/11\/001.14-e1708959234465-300x130.jpg\" alt=\"\" width=\"363\" height=\"157\" srcset=\"https:\/\/stjocouffe.fr\/wp-content\/uploads\/2023\/11\/001.14-e1708959234465-300x130.jpg 300w, https:\/\/stjocouffe.fr\/wp-content\/uploads\/2023\/11\/001.14-e1708959234465-1024x443.jpg 1024w, https:\/\/stjocouffe.fr\/wp-content\/uploads\/2023\/11\/001.14-e1708959234465-768x332.jpg 768w, https:\/\/stjocouffe.fr\/wp-content\/uploads\/2023\/11\/001.14-e1708959234465-1536x665.jpg 1536w, https:\/\/stjocouffe.fr\/wp-content\/uploads\/2023\/11\/001.14-e1708959234465.jpg 1856w\" sizes=\"auto, (max-width: 363px) 100vw, 363px\" \/><\/a><em>\u00ab\u00a0Les parents sont les premiers \u00e9ducateurs de leurs enfants mais ils ont besoin du concours des institutions scolaires. C\u2019est pourquoi, dans l\u2019\u00e9cole catholique, une d\u00e9marche \u00e9ducative r\u00e9ussie repose sur la collaboration confiante de l\u2019\u00e9quipe \u00e9ducative, des familles et des \u00e9l\u00e8ves afin que l\u2019\u00e9cole soit, pour les enfants et les jeunes, un lieu de plein \u00e9panouissement \u00bb.<\/em><\/p>\n<p style=\"text-align: left;\">&nbsp;<\/p>\n<p>&nbsp;<\/p>\n","protected":false},"excerpt":{"rendered":"<p>Les inscriptions pour la rentr\u00e9e 2026 commenceront d\u00e8s le 5 janvier 2026. Une porte-ouverte est pr\u00e9vue le VENDREDI 23 JANVIER&nbsp; de 17h30 \u00e0 19h30. Pour inscrire votre enfant, contacter la cheffe d&rsquo;\u00e9tablissement, Mme Dup\u00e9, par mail ou par t\u00e9l\u00e9phone. Elle est disponible toute la journ\u00e9e le mardi, ainsi que tous les soirs de la semaine&hellip; <br \/> <a class=\"read-more\" href=\"https:\/\/stjocouffe.fr\/?page_id=18\">Lire la suite<\/a><\/p>\n","protected":false},"author":5,"featured_media":0,"parent":7,"menu_order":0,"comment_status":"closed","ping_status":"open","template":"","meta":{"ngg_post_thumbnail":0,"footnotes":""},"class_list":["post-18","page","type-page","status-publish","hentry"],"_links":{"self":[{"href":"https:\/\/stjocouffe.fr\/index.php?rest_route=\/wp\/v2\/pages\/18","targetHints":{"allow":["GET"]}}],"collection":[{"href":"https:\/\/stjocouffe.fr\/index.php?rest_route=\/wp\/v2\/pages"}],"about":[{"href":"https:\/\/stjocouffe.fr\/index.php?rest_route=\/wp\/v2\/types\/page"}],"author":[{"embeddable":true,"href":"https:\/\/stjocouffe.fr\/index.php?rest_route=\/wp\/v2\/users\/5"}],"replies":[{"embeddable":true,"href":"https:\/\/stjocouffe.fr\/index.php?rest_route=%2Fwp%2Fv2%2Fcomments&post=18"}],"version-history":[{"count":26,"href":"https:\/\/stjocouffe.fr\/index.php?rest_route=\/wp\/v2\/pages\/18\/revisions"}],"predecessor-version":[{"id":14166,"href":"https:\/\/stjocouffe.fr\/index.php?rest_route=\/wp\/v2\/pages\/18\/revisions\/14166"}],"up":[{"embeddable":true,"href":"https:\/\/stjocouffe.fr\/index.php?rest_route=\/wp\/v2\/pages\/7"}],"wp:attachment":[{"href":"https:\/\/stjocouffe.fr\/index.php?rest_route=%2Fwp%2Fv2%2Fmedia&parent=18"}],"curies":[{"name":"wp","href":"https:\/\/api.w.org\/{rel}","templated":true}]}}