{"id":16,"date":"2013-10-29T12:27:46","date_gmt":"2013-10-29T11:27:46","guid":{"rendered":"https:\/\/stjocouffe.fr\/?page_id=16"},"modified":"2025-09-24T17:42:59","modified_gmt":"2025-09-24T15:42:59","slug":"projet-dannee","status":"publish","type":"page","link":"https:\/\/stjocouffe.fr\/?page_id=16","title":{"rendered":"Projet p\u00e9dagogique d&rsquo;ann\u00e9e"},"content":{"rendered":"<p><em>Cette ann\u00e9e nous sommes en train d&rsquo;\u00e9crire le projet p\u00e9dagogique \u00e0 venir &#8230; Les enseignants ont donc choisi un th\u00e8me d&rsquo;ann\u00e9e (les contes, Harry Potter et le cin\u00e9ma, la nature un centre d&rsquo;int\u00e9r\u00eat commun) comme fil conducteur des projets de l&rsquo;ann\u00e9e.&nbsp;<\/em><\/p>\n<p><span style=\"text-decoration: underline;\"><span style=\"color: #000080;\"><strong>PROJET PEDAGOGIQUE TRIENNAL 2022 &#8211; 2025<\/strong><\/span><\/span><\/p>\n<p><strong><span style=\"color: #000080;\"><u>S\u2019ouvrir, grandir, s\u2019\u00e9panouir avec les autres<\/u><\/span><\/strong><\/p>\n<p><strong>Ann\u00e9e&nbsp;2022 \u2013 2023 : s\u2019ouvrir \u00e0 soi-m\u00eame. \u00ab&nbsp;Connais-toi toi-m\u00eame&nbsp;\u00bb<\/strong><\/p>\n<p>Objectif&nbsp;: Mieux se connaitre pour mieux apprendre et valoriser ses talents.<\/p>\n<p><strong>Ann\u00e9e 2023- 2024 : s\u2019ouvrir aux autres.<\/strong><\/p>\n<p>Objectif : Apr\u00e8s avoir appris \u00e0 se conna\u00eetre, apprendre \u00e0 comprendre l&rsquo;autre, y compris lorsqu&rsquo;il est diff\u00e9rent<\/p>\n<ul>\n<li>Ann\u00e9e olympique : conna\u00eetre diff\u00e9rents sports et en d\u00e9couvrir d&rsquo;autres\/ Vivre des temps forts avec d\u00e9fis \u00e0 r\u00e9aliser en atelier multi-\u00e2ge (groupe d&rsquo;\u00e9l\u00e8ves de la PS au CM2).&nbsp;<\/li>\n<li>Ouverture sur le handisport et le handicap \u00e0 travers une journ\u00e9e de solidarit\u00e9 autour de cette&nbsp;<\/li>\n<\/ul>\n<p><strong>Ann\u00e9e 2024 \u2013 2025 : s\u2019ouvrir au monde<\/strong><\/p>\n<p>Objectif : Apr\u00e8s avoir appris \u00e0 se conna\u00eetre, apprendre \u00e0 comprendre l&rsquo;autre, si on apprenait \u00e0 mieux conna\u00eetre ce qui nous entoure<\/p>\n<ul>\n<li>Notre commune : visite du patrimoine de Couff\u00e9, conf\u00e9rence de Corentin LEDUC, aventurier lign\u00e9en et exposition sur la Loire arch\u00e9ologique.<\/li>\n<li>Notre plan\u00e8te, la nature : Voyage scolaire \u00e0 Branf\u00e9r\u00e9 (th\u00e8me peuples et nature), sorties scolaires pour d\u00e9couvrir la p\u00e9dagogie par la nature \u00e0 M\u00f4mes en natures \u00e0 Varades, lectures th\u00e9matiques, \u00e9veil aux diff\u00e9rents continents et pays du monde.&nbsp;<\/li>\n<\/ul>\n<p style=\"text-align: center;\"><span style=\"color: #ff6600;\"><strong><em>PROJET PEDAGOGIQUE DES ANNEES PRECEDENTES :<\/em><\/strong><\/span><\/p>\n<p><span style=\"color: #000080;\"><strong><span style=\"text-decoration: underline;\">PROJET PEDAGOGIQUE TRIENNAL 2018-2021&nbsp; :<\/span><br \/>\nPour en savoir plus cliquez sur le lien :&nbsp;&nbsp;<\/strong><strong><a style=\"color: #000080;\" href=\"https:\/\/stjocouffe.fr\/wp-content\/uploads\/2020\/11\/PROJET-PEDAGOGIQUE-TRIENNAL-2018\u00e0-2021docx.pdf\">Le langage dans toutes ses dimensions.<\/a>&nbsp;<\/strong><\/span><\/p>\n<p>2017 : <strong>Le festival des solidarit\u00e9s&nbsp;<\/strong><\/p>\n<div style=\"width: 100%;\">\n<div style=\"position: relative; padding-bottom: 70.72%; padding-top: 0; height: 0;\"><iframe loading=\"lazy\" style=\"position: absolute; top: 0; left: 0; width: 100%; height: 100%;\" src=\"https:\/\/view.genial.ly\/5ae9667dd957720ee5af00db\" width=\"1414\" height=\"1000\" frameborder=\"0\" scrolling=\"yes\" allowfullscreen=\"allowfullscreen\"><\/iframe><\/div>\n<\/div>\n<p>&nbsp;<\/p>\n<p>&nbsp;<iframe loading=\"lazy\" src=\"https:\/\/www.youtube.com\/embed\/3WIc1ce3bsg\" width=\"560\" height=\"315\" frameborder=\"0\" allowfullscreen=\"allowfullscreen\"><\/iframe><\/p>\n<p>2016 &nbsp;:&nbsp;<strong>Conna\u00eetre, construire, coop\u00e9rer pour&nbsp;s&rsquo;ouvrir au monde.&nbsp;<br \/>\n<\/strong>Lors des 5 p\u00e9riodes, nous allons parcourir les diff\u00e9rents continents : l&rsquo;Europe, l&rsquo;Asie, l&rsquo;Oc\u00e9anie, l&rsquo;Am\u00e9rique puis l&rsquo;Afrique. Nos passeports s&rsquo;enrichiront de visas aux couleurs des continents.&nbsp;<\/p>\n<p>Vous pouvez suivre notre projet d&rsquo;ann\u00e9e ici&nbsp;<\/p>\n<div style=\"width: 100%;\">\n<div style=\"position: relative; padding-bottom: 56.25%; padding-top: 0; height: 0;\"><iframe loading=\"lazy\" style=\"position: absolute; top: 0; left: 0; width: 100%; height: 100%;\" src=\"https:\/\/www.genial.ly\/View\/Index\/590f3e9fc10e1a3c486b1f35\" width=\"1200\" height=\"675\" frameborder=\"0\" scrolling=\"no\" allowfullscreen=\"allowfullscreen\"><\/iframe><\/div>\n<\/div>\n<p>2015 &nbsp;:&nbsp;<strong><u>Conna\u00eetre, construire, coop\u00e9rer pour bien vivre ensemble.<\/u><\/strong><\/p>\n<p>2014 &nbsp; :&nbsp;<strong>Conna\u00eetre, construire, coop\u00e9rer pour respecter l\u2019environnement .<\/strong><\/p>\n<p>&nbsp;<\/p>\n<p>&nbsp;<\/p>\n","protected":false},"excerpt":{"rendered":"<p>Cette ann\u00e9e nous sommes en train d&rsquo;\u00e9crire le projet p\u00e9dagogique \u00e0 venir &#8230; Les enseignants ont donc choisi un th\u00e8me d&rsquo;ann\u00e9e (les contes, Harry Potter et le cin\u00e9ma, la nature un centre d&rsquo;int\u00e9r\u00eat commun) comme fil conducteur des projets de l&rsquo;ann\u00e9e.&nbsp; PROJET PEDAGOGIQUE TRIENNAL 2022 &#8211; 2025 S\u2019ouvrir, grandir, s\u2019\u00e9panouir avec les autres Ann\u00e9e&nbsp;2022 \u2013&hellip; <br \/> <a class=\"read-more\" href=\"https:\/\/stjocouffe.fr\/?page_id=16\">Lire la suite<\/a><\/p>\n","protected":false},"author":5,"featured_media":0,"parent":39,"menu_order":0,"comment_status":"closed","ping_status":"open","template":"","meta":{"ngg_post_thumbnail":0,"footnotes":""},"class_list":["post-16","page","type-page","status-publish","hentry"],"_links":{"self":[{"href":"https:\/\/stjocouffe.fr\/index.php?rest_route=\/wp\/v2\/pages\/16","targetHints":{"allow":["GET"]}}],"collection":[{"href":"https:\/\/stjocouffe.fr\/index.php?rest_route=\/wp\/v2\/pages"}],"about":[{"href":"https:\/\/stjocouffe.fr\/index.php?rest_route=\/wp\/v2\/types\/page"}],"author":[{"embeddable":true,"href":"https:\/\/stjocouffe.fr\/index.php?rest_route=\/wp\/v2\/users\/5"}],"replies":[{"embeddable":true,"href":"https:\/\/stjocouffe.fr\/index.php?rest_route=%2Fwp%2Fv2%2Fcomments&post=16"}],"version-history":[{"count":24,"href":"https:\/\/stjocouffe.fr\/index.php?rest_route=\/wp\/v2\/pages\/16\/revisions"}],"predecessor-version":[{"id":14181,"href":"https:\/\/stjocouffe.fr\/index.php?rest_route=\/wp\/v2\/pages\/16\/revisions\/14181"}],"up":[{"embeddable":true,"href":"https:\/\/stjocouffe.fr\/index.php?rest_route=\/wp\/v2\/pages\/39"}],"wp:attachment":[{"href":"https:\/\/stjocouffe.fr\/index.php?rest_route=%2Fwp%2Fv2%2Fmedia&parent=16"}],"curies":[{"name":"wp","href":"https:\/\/api.w.org\/{rel}","templated":true}]}}