{"id":1531,"date":"2015-07-07T22:11:40","date_gmt":"2015-07-07T21:11:40","guid":{"rendered":"https:\/\/stjocouffe.fr\/?page_id=1531"},"modified":"2025-01-07T10:23:48","modified_gmt":"2025-01-07T09:23:48","slug":"courrier","status":"publish","type":"page","link":"https:\/\/stjocouffe.fr\/?page_id=1531","title":{"rendered":"L&rsquo;aide p\u00e9dagogique compl\u00e9mentaire"},"content":{"rendered":"<p>L\u2019\u00e9cole propose \u00e0 certains \u00e9l\u00e8ves un temps d\u2019APC (Aide P\u00e9dagogique Compl\u00e9mentaire aussi appel\u00e9 Aide Personnalis\u00e9e) \u00e0 partir du <strong>CE1<\/strong>.Ce temps est d\u00e9cid\u00e9 par l\u2019enseignant car il pense qu\u2019un temps de travail sp\u00e9cifique peut aider votre enfant sur le chemin de la r\u00e9ussite.<\/p>\n<p>Cette ann\u00e9e, ce temps d\u2019aide aura lieu&nbsp;:<\/p>\n<ul>\n<li><strong>le mardi soir et le jeudi soir<\/strong> de <strong>16 heures 35 \u00e0 17 heures 20<\/strong> jusqu\u2019aux vacances de la Toussaint.<\/li>\n<li>Le reste de l\u2019ann\u00e9e, le temps d\u2019APC sera <strong>g\u00e9n\u00e9ralement<\/strong> le mardi soir de <strong>16 heures 35 \u00e0 17 heures 20.<\/strong><\/li>\n<\/ul>\n<p>A chaque fois que l\u2019on vous proposera ce dispositif, vous recevrez un document vous expliquant les objectifs de travail par l\u2019interm\u00e9diaire de votre enfant.<\/p>\n<p>Suivant les p\u00e9riodes de l\u2019ann\u00e9e, les objectifs seront diff\u00e9rents&nbsp;:<\/p>\n<table>\n<tbody>\n<tr>\n<td width=\"156\"><strong>P\u00e9riode 1<\/strong><\/td>\n<td width=\"448\">M\u00e9thodologie et aide aux devoirs\/ coup de pouce<\/td>\n<\/tr>\n<tr>\n<td width=\"156\"><strong>P\u00e9riode 2<\/strong><\/td>\n<td width=\"448\">Coup de pouce sur un apprentissage pr\u00e9cis<\/td>\n<\/tr>\n<tr>\n<td width=\"156\"><strong>P\u00e9riode 3<\/strong><\/td>\n<td width=\"448\">Coup de pouce sur un apprentissage pr\u00e9cis<\/td>\n<\/tr>\n<tr>\n<td width=\"156\"><strong>P\u00e9riode 4<\/strong><\/td>\n<td width=\"448\">Coup de pouce sur un apprentissage pr\u00e9cis<\/td>\n<\/tr>\n<tr>\n<td width=\"156\"><strong>P\u00e9riode 5<\/strong><\/td>\n<td width=\"448\">Coup de pouce<\/td>\n<\/tr>\n<\/tbody>\n<\/table>\n<p>&nbsp;<\/p>\n","protected":false},"excerpt":{"rendered":"<p>L\u2019\u00e9cole propose \u00e0 certains \u00e9l\u00e8ves un temps d\u2019APC (Aide P\u00e9dagogique Compl\u00e9mentaire aussi appel\u00e9 Aide Personnalis\u00e9e) \u00e0 partir du CE1.Ce temps est d\u00e9cid\u00e9 par l\u2019enseignant car il pense qu\u2019un temps de travail sp\u00e9cifique peut aider votre enfant sur le chemin de la r\u00e9ussite. Cette ann\u00e9e, ce temps d\u2019aide aura lieu&nbsp;: le mardi soir et le jeudi&hellip; <br \/> <a class=\"read-more\" href=\"https:\/\/stjocouffe.fr\/?page_id=1531\">Lire la suite<\/a><\/p>\n","protected":false},"author":5,"featured_media":0,"parent":0,"menu_order":0,"comment_status":"closed","ping_status":"closed","template":"","meta":{"ngg_post_thumbnail":0,"footnotes":""},"class_list":["post-1531","page","type-page","status-publish","hentry"],"_links":{"self":[{"href":"https:\/\/stjocouffe.fr\/index.php?rest_route=\/wp\/v2\/pages\/1531","targetHints":{"allow":["GET"]}}],"collection":[{"href":"https:\/\/stjocouffe.fr\/index.php?rest_route=\/wp\/v2\/pages"}],"about":[{"href":"https:\/\/stjocouffe.fr\/index.php?rest_route=\/wp\/v2\/types\/page"}],"author":[{"embeddable":true,"href":"https:\/\/stjocouffe.fr\/index.php?rest_route=\/wp\/v2\/users\/5"}],"replies":[{"embeddable":true,"href":"https:\/\/stjocouffe.fr\/index.php?rest_route=%2Fwp%2Fv2%2Fcomments&post=1531"}],"version-history":[{"count":7,"href":"https:\/\/stjocouffe.fr\/index.php?rest_route=\/wp\/v2\/pages\/1531\/revisions"}],"predecessor-version":[{"id":13655,"href":"https:\/\/stjocouffe.fr\/index.php?rest_route=\/wp\/v2\/pages\/1531\/revisions\/13655"}],"wp:attachment":[{"href":"https:\/\/stjocouffe.fr\/index.php?rest_route=%2Fwp%2Fv2%2Fmedia&parent=1531"}],"curies":[{"name":"wp","href":"https:\/\/api.w.org\/{rel}","templated":true}]}}